{"id":5888,"date":"2018-08-14T16:06:16","date_gmt":"2018-08-14T16:06:16","guid":{"rendered":"https:\/\/mambofoods.com\/?page_id=5888"},"modified":"2020-10-16T19:06:01","modified_gmt":"2020-10-16T19:06:01","slug":"crunchy-tostones","status":"publish","type":"page","link":"https:\/\/mambofoods.com\/es\/crunchy-tostones\/","title":{"rendered":"Mambo Tostones"},"content":{"rendered":"<p>[vc_row el_class=&#8221;BreadCrumb&#8221; css=&#8221;.vc_custom_1537477711921{margin-bottom: 20px !important;}&#8221;][vc_column][vc_raw_html el_class=&#8221;BreadCrumb&#8221; css=&#8221;.vc_custom_1540839420142{margin-top: 0px !important;margin-right: 0px !important;margin-bottom: 0px !important;margin-left: 0px !important;border-top-width: 0px !important;border-right-width: 0px !important;border-bottom-width: 0px !important;border-left-width: 0px !important;padding-top: 0px !important;padding-right: 0px !important;padding-bottom: 0px !important;padding-left: 0px !important;}&#8221;]JTVCQkNFU1AlNUQ=[\/vc_raw_html][\/vc_column][\/vc_row][vc_row css=&#8221;.vc_custom_1537473607172{margin-bottom: 20px !important;}&#8221;][vc_column]\n<div id=\"rev_slider_27_1_wrapper\" class=\"rev_slider_wrapper fullwidthbanner-container\" data-source=\"gallery\" style=\"margin:0px auto;background:transparent;padding:0px;margin-top:0px;margin-bottom:0px;\">\n<!-- START REVOLUTION SLIDER 5.4.8 fullwidth mode -->\n\t<div id=\"rev_slider_27_1\" class=\"rev_slider fullwidthabanner\" style=\"display:none;\" data-version=\"5.4.8\">\n<ul>\t<!-- SLIDE  -->\n\t<li data-index=\"rs-53\" data-transition=\"fade\" data-slotamount=\"default\" data-hideafterloop=\"0\" data-hideslideonmobile=\"off\"  data-easein=\"default\" data-easeout=\"default\" data-masterspeed=\"300\"  data-thumb=\"https:\/\/mambofoods.com\/wp-content\/uploads\/2020\/01\/Garlic-Tostones-Table-WebSlide-1-100x50.jpg\"  data-rotate=\"0\"  data-saveperformance=\"off\"  data-title=\"Slide\" data-param1=\"\" data-param2=\"\" data-param3=\"\" data-param4=\"\" data-param5=\"\" data-param6=\"\" data-param7=\"\" data-param8=\"\" data-param9=\"\" data-param10=\"\" data-description=\"\">\n\t\t<!-- MAIN IMAGE -->\n\t\t<img src=\"https:\/\/mambofoods.com\/wp-content\/uploads\/2020\/01\/Garlic-Tostones-Table-WebSlide-1.jpg\"  alt=\"\" title=\"Garlic Tostones Table WebSlide (1)\"  width=\"4448\" height=\"1600\" data-bgposition=\"center center\" data-bgfit=\"cover\" data-bgrepeat=\"no-repeat\" class=\"rev-slidebg\" data-no-retina>\n\t\t<!-- LAYERS -->\n\t<\/li>\n\t<!-- SLIDE  -->\n\t<li data-index=\"rs-54\" data-transition=\"fade\" data-slotamount=\"default\" data-hideafterloop=\"0\" data-hideslideonmobile=\"off\"  data-easein=\"default\" data-easeout=\"default\" data-masterspeed=\"300\"  data-thumb=\"https:\/\/mambofoods.com\/wp-content\/uploads\/2020\/01\/Oh-My-Garlic-1-WebSlide-1-100x50.jpg\"  data-rotate=\"0\"  data-saveperformance=\"off\"  data-title=\"Slide\" data-param1=\"\" data-param2=\"\" data-param3=\"\" data-param4=\"\" data-param5=\"\" data-param6=\"\" data-param7=\"\" data-param8=\"\" data-param9=\"\" data-param10=\"\" data-description=\"\">\n\t\t<!-- MAIN IMAGE -->\n\t\t<img src=\"https:\/\/mambofoods.com\/wp-content\/uploads\/2020\/01\/Oh-My-Garlic-1-WebSlide-1.jpg\"  alt=\"\" title=\"Oh My Garlic 1 WebSlide (1)\"  width=\"4448\" height=\"1600\" data-bgposition=\"center center\" data-bgfit=\"cover\" data-bgrepeat=\"no-repeat\" class=\"rev-slidebg\" data-no-retina>\n\t\t<!-- LAYERS -->\n\t<\/li>\n\t<!-- SLIDE  -->\n\t<li data-index=\"rs-58\" data-transition=\"fade\" data-slotamount=\"default\" data-hideafterloop=\"0\" data-hideslideonmobile=\"off\"  data-easein=\"default\" data-easeout=\"default\" data-masterspeed=\"300\"  data-thumb=\"https:\/\/mambofoods.com\/wp-content\/uploads\/2020\/01\/Oh-My-Garlic-2WebSlide-1-100x50.jpg\"  data-rotate=\"0\"  data-saveperformance=\"off\"  data-title=\"Slide\" data-param1=\"\" data-param2=\"\" data-param3=\"\" data-param4=\"\" data-param5=\"\" data-param6=\"\" data-param7=\"\" data-param8=\"\" data-param9=\"\" data-param10=\"\" data-description=\"\">\n\t\t<!-- MAIN IMAGE -->\n\t\t<img src=\"https:\/\/mambofoods.com\/wp-content\/uploads\/2020\/01\/Oh-My-Garlic-2WebSlide-1.jpg\"  alt=\"\" title=\"Oh My Garlic 2WebSlide (1)\"  width=\"4448\" height=\"1599\" data-bgposition=\"center center\" data-bgfit=\"cover\" data-bgrepeat=\"no-repeat\" class=\"rev-slidebg\" data-no-retina>\n\t\t<!-- LAYERS -->\n\t<\/li>\n\t<!-- SLIDE  -->\n\t<li data-index=\"rs-57\" data-transition=\"fade\" data-slotamount=\"default\" data-hideafterloop=\"0\" data-hideslideonmobile=\"off\"  data-easein=\"default\" data-easeout=\"default\" data-masterspeed=\"300\"  data-thumb=\"https:\/\/mambofoods.com\/wp-content\/uploads\/2020\/01\/Oh-My-Garlic-3-WebSlide-1-100x50.jpg\"  data-rotate=\"0\"  data-saveperformance=\"off\"  data-title=\"Slide\" data-param1=\"\" data-param2=\"\" data-param3=\"\" data-param4=\"\" data-param5=\"\" data-param6=\"\" data-param7=\"\" data-param8=\"\" data-param9=\"\" data-param10=\"\" data-description=\"\">\n\t\t<!-- MAIN IMAGE -->\n\t\t<img src=\"https:\/\/mambofoods.com\/wp-content\/uploads\/2020\/01\/Oh-My-Garlic-3-WebSlide-1.jpg\"  alt=\"\" title=\"Oh My Garlic 3 WebSlide (1)\"  width=\"4448\" height=\"1599\" data-bgposition=\"center center\" data-bgfit=\"cover\" data-bgrepeat=\"no-repeat\" class=\"rev-slidebg\" data-no-retina>\n\t\t<!-- LAYERS -->\n\t<\/li>\n<\/ul>\n<script>var htmlDiv = document.getElementById(\"rs-plugin-settings-inline-css\"); var htmlDivCss=\"\";\r\n\t\t\t\t\t\tif(htmlDiv) {\r\n\t\t\t\t\t\t\thtmlDiv.innerHTML = htmlDiv.innerHTML + htmlDivCss;\r\n\t\t\t\t\t\t}else{\r\n\t\t\t\t\t\t\tvar htmlDiv = document.createElement(\"div\");\r\n\t\t\t\t\t\t\thtmlDiv.innerHTML = \"<style>\" + htmlDivCss + \"<\/style>\";\r\n\t\t\t\t\t\t\tdocument.getElementsByTagName(\"head\")[0].appendChild(htmlDiv.childNodes[0]);\r\n\t\t\t\t\t\t}\r\n\t\t\t\t\t<\/script>\n<div class=\"tp-bannertimer tp-bottom\" style=\"visibility: hidden !important;\"><\/div>\t<\/div>\n<script>var htmlDiv = document.getElementById(\"rs-plugin-settings-inline-css\"); var htmlDivCss=\"\";\r\n\t\t\t\tif(htmlDiv) {\r\n\t\t\t\t\thtmlDiv.innerHTML = htmlDiv.innerHTML + htmlDivCss;\r\n\t\t\t\t}else{\r\n\t\t\t\t\tvar htmlDiv = document.createElement(\"div\");\r\n\t\t\t\t\thtmlDiv.innerHTML = \"<style>\" + htmlDivCss + \"<\/style>\";\r\n\t\t\t\t\tdocument.getElementsByTagName(\"head\")[0].appendChild(htmlDiv.childNodes[0]);\r\n\t\t\t\t}\r\n\t\t\t<\/script>\n\t\t<script type=\"text\/javascript\">\r\nif (setREVStartSize!==undefined) setREVStartSize(\r\n\t{c: '#rev_slider_27_1', gridwidth: [1920], gridheight: [750], sliderLayout: 'fullwidth'});\r\n\t\t\t\r\nvar revapi27,\r\n\ttpj;\t\r\n(function() {\t\t\t\r\n\tif (!\/loaded|interactive|complete\/.test(document.readyState)) document.addEventListener(\"DOMContentLoaded\",onLoad); else onLoad();\t\r\n\tfunction onLoad() {\t\t\t\t\r\n\t\tif (tpj===undefined) { tpj = jQuery; if(\"off\" == \"on\") tpj.noConflict();}\r\n\tif(tpj(\"#rev_slider_27_1\").revolution == undefined){\n\t\trevslider_showDoubleJqueryError(\"#rev_slider_27_1\");\n\t}else{\n\t\trevapi27 = tpj(\"#rev_slider_27_1\").show().revolution({\n\t\t\tsliderType:\"standard\",\n\t\t\tjsFileLocation:\"\/\/mambofoods.com\/wp-content\/plugins\/revslider\/public\/assets\/js\/\",\n\t\t\tsliderLayout:\"fullwidth\",\n\t\t\tdottedOverlay:\"none\",\n\t\t\tdelay:9000,\n\t\t\tnavigation: {\n\t\t\t\tkeyboardNavigation:\"off\",\n\t\t\t\tkeyboard_direction: \"horizontal\",\n\t\t\t\tmouseScrollNavigation:\"off\",\n \t\t\t\t\t\t\tmouseScrollReverse:\"default\",\n\t\t\t\tonHoverStop:\"off\",\n\t\t\t\tarrows: {\n\t\t\t\t\tstyle:\"hesperiden\",\n\t\t\t\t\tenable:true,\n\t\t\t\t\thide_onmobile:false,\n\t\t\t\t\thide_onleave:false,\n\t\t\t\t\ttmp:'',\n\t\t\t\t\tleft: {\n\t\t\t\t\t\th_align:\"left\",\n\t\t\t\t\t\tv_align:\"center\",\n\t\t\t\t\t\th_offset:20,\n\t\t\t\t\t\tv_offset:0\n\t\t\t\t\t},\n\t\t\t\t\tright: {\n\t\t\t\t\t\th_align:\"right\",\n\t\t\t\t\t\tv_align:\"center\",\n\t\t\t\t\t\th_offset:20,\n\t\t\t\t\t\tv_offset:0\n\t\t\t\t\t}\n\t\t\t\t}\n\t\t\t\t,\n\t\t\t\tbullets: {\n\t\t\t\t\tenable:true,\n\t\t\t\t\thide_onmobile:false,\n\t\t\t\t\tstyle:\"hermes\",\n\t\t\t\t\thide_onleave:false,\n\t\t\t\t\tdirection:\"horizontal\",\n\t\t\t\t\th_align:\"center\",\n\t\t\t\t\tv_align:\"bottom\",\n\t\t\t\t\th_offset:0,\n\t\t\t\t\tv_offset:20,\n\t\t\t\t\tspace:5,\n\t\t\t\t\ttmp:''\n\t\t\t\t}\n\t\t\t},\n\t\t\tvisibilityLevels:[1240,1024,778,480],\n\t\t\tgridwidth:1920,\n\t\t\tgridheight:750,\n\t\t\tlazyType:\"none\",\n\t\t\tshadow:0,\n\t\t\tspinner:\"spinner0\",\n\t\t\tstopLoop:\"off\",\n\t\t\tstopAfterLoops:-1,\n\t\t\tstopAtSlide:-1,\n\t\t\tshuffle:\"off\",\n\t\t\tautoHeight:\"off\",\n\t\t\tdisableProgressBar:\"on\",\n\t\t\thideThumbsOnMobile:\"off\",\n\t\t\thideSliderAtLimit:0,\n\t\t\thideCaptionAtLimit:0,\n\t\t\thideAllCaptionAtLilmit:0,\n\t\t\tdebugMode:false,\n\t\t\tfallbacks: {\n\t\t\t\tsimplifyAll:\"off\",\n\t\t\t\tnextSlideOnWindowFocus:\"off\",\n\t\t\t\tdisableFocusListener:false,\n\t\t\t}\n\t\t});\n\t}; \/* END OF revapi call *\/\n\t\n }; \/* END OF ON LOAD FUNCTION *\/\r\n}()); \/* END OF WRAPPING FUNCTION *\/\r\n<\/script>\r\n\t\t<script>\r\n\t\t\t\t\tvar htmlDivCss = unescape(\".hesperiden.tparrows%20%7B%0A%09cursor%3Apointer%3B%0A%09background%3Argba%280%2C0%2C0%2C0.5%29%3B%0A%09width%3A40px%3B%0A%09height%3A40px%3B%0A%09position%3Aabsolute%3B%0A%09display%3Ablock%3B%0A%09z-index%3A100%3B%0A%20%20%20%20border-radius%3A%2050%25%3B%0A%7D%0A.hesperiden.tparrows%3Ahover%20%7B%0A%09background%3Argba%280%2C%200%2C%200%2C%201%29%3B%0A%7D%0A.hesperiden.tparrows%3Abefore%20%7B%0A%09font-family%3A%20%22revicons%22%3B%0A%09font-size%3A20px%3B%0A%09color%3Argb%28255%2C%20255%2C%20255%29%3B%0A%09display%3Ablock%3B%0A%09line-height%3A%2040px%3B%0A%09text-align%3A%20center%3B%0A%7D%0A.hesperiden.tparrows.tp-leftarrow%3Abefore%20%7B%0A%09content%3A%20%22%5Ce82c%22%3B%0A%20%20%20%20margin-left%3A-3px%3B%0A%7D%0A.hesperiden.tparrows.tp-rightarrow%3Abefore%20%7B%0A%09content%3A%20%22%5Ce82d%22%3B%0A%20%20%20%20margin-right%3A-3px%3B%0A%7D%0A.hermes.tp-bullets%20%7B%0A%7D%0A%0A.hermes%20.tp-bullet%20%7B%0A%20%20%20%20overflow%3Ahidden%3B%0A%20%20%20%20border-radius%3A50%25%3B%0A%20%20%20%20width%3A16px%3B%0A%20%20%20%20height%3A16px%3B%0A%20%20%20%20background-color%3A%20rgba%280%2C%200%2C%200%2C%200%29%3B%0A%20%20%20%20box-shadow%3A%20inset%200%200%200%202px%20rgb%28255%2C%20255%2C%20255%29%3B%0A%20%20%20%20-webkit-transition%3A%20background%200.3s%20ease%3B%0A%20%20%20%20transition%3A%20background%200.3s%20ease%3B%0A%20%20%20%20position%3Aabsolute%3B%0A%7D%0A%0A.hermes%20.tp-bullet%3Ahover%20%7B%0A%09%20%20background-color%3A%20rgba%280%2C0%2C0%2C0.21%29%3B%0A%7D%0A.hermes%20.tp-bullet%3Aafter%20%7B%0A%20%20content%3A%20%27%20%27%3B%0A%20%20position%3A%20absolute%3B%0A%20%20bottom%3A%200%3B%0A%20%20height%3A%200%3B%0A%20%20left%3A%200%3B%0A%20%20width%3A%20100%25%3B%0A%20%20background-color%3A%20rgb%28255%2C%20255%2C%20255%29%3B%0A%20%20box-shadow%3A%200%200%201px%20rgb%28255%2C%20255%2C%20255%29%3B%0A%20%20-webkit-transition%3A%20height%200.3s%20ease%3B%0A%20%20transition%3A%20height%200.3s%20ease%3B%0A%7D%0A.hermes%20.tp-bullet.selected%3Aafter%20%7B%0A%20%20height%3A100%25%3B%0A%7D%0A%0A\");\r\n\t\t\t\t\tvar htmlDiv = document.getElementById('rs-plugin-settings-inline-css');\r\n\t\t\t\t\tif(htmlDiv) {\r\n\t\t\t\t\t\thtmlDiv.innerHTML = htmlDiv.innerHTML + htmlDivCss;\r\n\t\t\t\t\t}\r\n\t\t\t\t\telse{\r\n\t\t\t\t\t\tvar htmlDiv = document.createElement('div');\r\n\t\t\t\t\t\thtmlDiv.innerHTML = '<style>' + htmlDivCss + '<\/style>';\r\n\t\t\t\t\t\tdocument.getElementsByTagName('head')[0].appendChild(htmlDiv.childNodes[0]);\r\n\t\t\t\t\t}\r\n\t\t\t\t  <\/script>\r\n\t\t\t\t<\/div><!-- END REVOLUTION SLIDER -->[\/vc_column][\/vc_row][vc_row el_class=&#8221;RowContentRhythm&#8221;][vc_column][vc_column_text el_class=&#8221;TitleCrunchy&#8221;]<\/p>\n<p style=\"text-align: center;\">SOLO TRES INGREDIENTES NATURALES\u2026 Y MUCHO \u00a1CRUNCH!<\/p>\n<p>[\/vc_column_text][vc_column_text el_class=&#8221;SubTitleCrunchy&#8221;]<\/p>\n<p style=\"text-align: center;\">\u00bfKOSHER, NON-GMO, VEGANO Y SIN COLESTEROL?<br \/>\nA ESTO LE LLAMAMOS\u2026 PLACER SIN REMORDIMIENTOS<\/p>\n<p>[\/vc_column_text][vc_column_text el_class=&#8221;TxtParrafo&#8221;]Nuestros <strong>Tostones Crujientes de Mambo<\/strong>, son hechos con pl\u00e1tano verde y yuca natural, y son el acompa\u00f1ante perfecto para tus platos favoritos. Disfr\u00fatalos directo de la bolsa o acomp\u00e1\u00f1alos con tus sabores favoritos: guacamole, salsa, ceviche o humus\u2026 este delicioso \u201ccrunch\u201d puede ser complemento ideal para muchas recetas. El \u00fanico problema\u2026 ser\u00e1 compartirlos.[\/vc_column_text][vc_single_image image=&#8221;7176&#8243; img_size=&#8221;full&#8221; alignment=&#8221;center&#8221; css=&#8221;.vc_custom_1577981850741{padding-right: 150px !important;padding-left: 150px !important;}&#8221;][vc_column_text el_class=&#8221;SubTitleCrunchy&#8221;]<\/p>\n<p style=\"text-align: center;\">\u00bfD\u00d3NDE ENCONTRAR MAMBO TOSTONES?<\/p>\n<p>[\/vc_column_text][vc_column_text el_class=&#8221;TxtParrafo&#8221;]Actualmente, los Tostones Crujientes de Mambo est\u00e1n disponibles en tu <a style=\"color: #4a8b2c; text-decoration: none;\" href=\"http:\/\/store.publix.com\/publix\/\" target=\"_blank\" rel=\"noopener noreferrer\">SUPERMERCADO PUBLIX<\/a> m\u00e1s cercano y en los principales supermercados de <strong>Puerto Rico<\/strong> (SuperMax, Econo, Pueblo, Amigo, Selecto, Walmart y mucho m\u00e1s) \u00a1No te preocupes! Estamos trabajando para abastecer m\u00e1s tiendas pr\u00f3ximamente.<\/p>\n<p>Tambi\u00e9n est\u00e1n disponibles para ordenar en <a style=\"color: #f18a00; text-decoration: none;\" href=\"https:\/\/www.amazon.com\/dp\/B07FZVNRFN\/ref=cm_sw_r_cp_ep_dp_Yq.OBbHX18G72\" target=\"_blank\" rel=\"noopener noreferrer\">AMAZON.<\/a>[\/vc_column_text][vc_column_text el_class=&#8221;SubTitleCrunchy&#8221; css=&#8221;.vc_custom_1577981864833{margin-bottom: 0px !important;border-bottom-width: 0px !important;padding-bottom: 0px !important;}&#8221;]<\/p>\n<p style=\"text-align: center;\">CON\u00c9CTATE CON NOSOTROS<br \/>\nPARA DELICIOSAS IDEAS Y SUGERENCIAS<\/p>\n<p>[\/vc_column_text][vc_column_text el_class=&#8221;ArrobaMambo&#8221; css=&#8221;.vc_custom_1537555072736{margin: 0px !important;border-width: 0px !important;padding: 0px !important;}&#8221;]<\/p>\n<p style=\"text-align: center;\">@mambotostones<\/p>\n<p>[\/vc_column_text][vc_row_inner css=&#8221;.vc_custom_1537555026365{margin-bottom: 0px !important;border-bottom-width: 0px !important;padding-bottom: 0px !important;}&#8221;][vc_column_inner width=&#8221;1\/2&#8243;][vc_single_image image=&#8221;7229&#8243; img_size=&#8221;25&#215;25&#8243; alignment=&#8221;right&#8221; onclick=&#8221;custom_link&#8221; img_link_target=&#8221;_blank&#8221; css=&#8221;.vc_custom_1576260133330{margin-top: 0px !important;margin-right: 0px !important;margin-bottom: 0px !important;margin-left: 0px !important;border-top-width: 0px !important;border-right-width: 0px !important;border-bottom-width: 0px !important;border-left-width: 0px !important;padding-top: 0px !important;padding-right: 0px !important;padding-bottom: 0px !important;padding-left: 0px !important;}&#8221; link=&#8221;https:\/\/www.facebook.com\/mambotostones&#8221;][\/vc_column_inner][vc_column_inner width=&#8221;1\/2&#8243;][vc_single_image image=&#8221;7230&#8243; img_size=&#8221;25&#215;25&#8243; onclick=&#8221;custom_link&#8221; img_link_target=&#8221;_blank&#8221; css=&#8221;.vc_custom_1537893819690{margin-top: 0px !important;margin-right: 0px !important;margin-bottom: 0px !important;margin-left: 0px !important;border-top-width: 0px !important;border-right-width: 0px !important;border-bottom-width: 0px !important;border-left-width: 0px !important;padding-top: 0px !important;padding-right: 0px !important;padding-bottom: 0px !important;padding-left: 0px !important;}&#8221; link=&#8221;https:\/\/www.instagram.com\/mambotostones\/&#8221;][\/vc_column_inner][\/vc_row_inner][\/vc_column][\/vc_row][vc_row full_width=&#8221;stretch_row_content_no_spaces&#8221;][vc_column][vc_single_image image=&#8221;8477&#8243; img_size=&#8221;200&#215;100&#8243; css=&#8221;.vc_custom_1577990455736{margin-top: 0px !important;margin-right: 0px !important;margin-bottom: 0px !important;margin-left: 30px !important;border-top-width: 0px !important;border-right-width: 0px !important;border-bottom-width: 0px !important;border-left-width: 0px !important;padding-top: 0px !important;padding-right: 0px !important;padding-bottom: 0px !important;padding-left: 0px !important;}&#8221;][\/vc_column][\/vc_row][vc_row full_width=&#8221;stretch_row_content_no_spaces&#8221; equal_height=&#8221;yes&#8221; css=&#8221;.vc_custom_1535235272787{margin-bottom: 0px !important;border-bottom-width: 0px !important;padding-bottom: 0px !important;}&#8221; el_class=&#8221;RowFooter&#8221;][vc_column width=&#8221;1\/4&#8243;][vc_raw_html]JTVCUXVpcmNoRm9vZHNMaW5rJTVE[\/vc_raw_html][\/vc_column][vc_column width=&#8221;1\/4&#8243; el_class=&#8221;ColumnTextFooter&#8221;][vc_raw_html]JTVCTmF2Rm9vdCU1RA==[\/vc_raw_html][\/vc_column][vc_column width=&#8221;1\/4&#8243; el_class=&#8221;ColumnSubscribeFooter&#8221;][vc_column_text css=&#8221;.vc_custom_1576258055781{margin-right: 0px !important;margin-bottom: 0px !important;margin-left: 0px !important;border-right-width: 0px !important;border-bottom-width: 0px !important;border-left-width: 0px !important;padding-right: 0px !important;padding-bottom: 0px !important;padding-left: 0px !important;}&#8221;]<strong style='font-family: AkkuratTT-Bold;'>MAMBO NEWS<\/strong><br><br>\n<p style='margin: 0 0 0px;'>\nIngresa tu direcci\u00f3n electr\u00f3nica para recibir<br>\nnoticias frescas e ideas muy sabrosas.\n<\/p>[\/vc_column_text][vc_raw_html css=&#8221;.vc_custom_1539745230394{margin-top: 0px !important;margin-right: 0px !important;margin-bottom: 0px !important;margin-left: 0px !important;border-top-width: 0px !important;border-right-width: 0px !important;border-bottom-width: 0px !important;border-left-width: 0px !important;padding-top: 0px !important;padding-right: 0px !important;padding-bottom: 0px !important;padding-left: 0px !important;}&#8221; el_class=&#8221;Email&#8221;]JTVCY29udGFjdC1mb3JtLTclMjBpZCUzRCUyMjczOTElMjIlMjB0aXRsZSUzRCUyMkNvbnRhY3QlMjBmb3JtJTIwMV9lc3AlMjIlNUQ=[\/vc_raw_html][\/vc_column][vc_column width=&#8221;1\/4&#8243; el_class=&#8221;ColumnInstagramFooter&#8221;][vc_raw_html css=&#8221;.vc_custom_1602875160873{margin-top: 0px !important;margin-right: 0px !important;margin-bottom: 0px !important;margin-left: 0px !important;border-top-width: 0px !important;border-right-width: 0px !important;border-bottom-width: 0px !important;border-left-width: 0px !important;padding-top: 0px !important;padding-right: 0px !important;padding-bottom: 0px !important;padding-left: 0px !important;}&#8221;]JTVCaW5zdGFncmFtLWZlZWQlNUQ=[\/vc_raw_html][\/vc_column][\/vc_row]<\/p>\n","protected":false},"excerpt":{"rendered":"<p>[vc_row el_class=&#8221;BreadCrumb&#8221; css=&#8221;.vc_custom_1537477711921{margin-bottom: 20px !important;}&#8221;][vc_column][vc_raw_html el_class=&#8221;BreadCrumb&#8221; css=&#8221;.vc_custom_1540839420142{margin-top: 0px !important;margin-right: 0px !important;margin-bottom: 0px !important;margin-left: 0px !important;border-top-width: 0px !important;border-right-width: 0px !important;border-bottom-width: 0px !important;border-left-width: 0px !important;padding-top: 0px !important;padding-right: 0px !important;padding-bottom: 0px !important;padding-left: 0px !important;}&#8221;]JTVCQkNFU1AlNUQ=[\/vc_raw_html][\/vc_column][\/vc_row][vc_row css=&#8221;.vc_custom_1537473607172{margin-bottom: 20px !important;}&#8221;][vc_column][\/vc_column][\/vc_row][vc_row el_class=&#8221;RowContentRhythm&#8221;][vc_column][vc_column_text el_class=&#8221;TitleCrunchy&#8221;] SOLO TRES INGREDIENTES NATURALES\u2026 Y MUCHO \u00a1CRUNCH! [\/vc_column_text][vc_column_text el_class=&#8221;SubTitleCrunchy&#8221;] \u00bfKOSHER, NON-GMO, VEGANO Y SIN [&hellip;]<\/p>\n","protected":false},"author":7,"featured_media":0,"parent":0,"menu_order":0,"comment_status":"closed","ping_status":"closed","template":"","meta":{"wprm-recipe-roundup-name":"","wprm-recipe-roundup-description":""},"translation":{"provider":"WPGlobus","version":"2.5.14","language":"es","enabled_languages":["en","es"],"languages":{"en":{"title":true,"content":true,"excerpt":false},"es":{"title":true,"content":true,"excerpt":false}}},"yoast_head":"<!-- This site is optimized with the Yoast SEO plugin v15.1.1 - https:\/\/yoast.com\/wordpress\/plugins\/seo\/ -->\n<title>Mambo Tostones | Mambo<\/title>\n<meta name=\"robots\" content=\"index, follow, max-snippet:-1, max-image-preview:large, max-video-preview:-1\" \/>\n<link rel=\"canonical\" href=\"https:\/\/mambofoods.com\/crunchy-tostones\/\" \/>\n<meta property=\"og:locale\" content=\"es_ES\" \/>\n<meta property=\"og:type\" content=\"article\" \/>\n<meta property=\"og:title\" content=\"Mambo Tostones | Mambo\" \/>\n<meta property=\"og:url\" content=\"https:\/\/mambofoods.com\/crunchy-tostones\/\" \/>\n<meta property=\"og:site_name\" content=\"Mambo\" \/>\n<meta property=\"article:publisher\" content=\"https:\/\/www.facebook.com\/mambofoods\" \/>\n<meta property=\"article:modified_time\" content=\"2020-10-16T19:06:01+00:00\" \/>\n<meta name=\"twitter:card\" content=\"summary_large_image\" \/>\n<script type=\"application\/ld+json\" class=\"yoast-schema-graph\">{\"@context\":\"https:\/\/schema.org\",\"@graph\":[{\"@type\":\"WebSite\",\"@id\":\"https:\/\/mambofoods.com\/es\/#website\",\"url\":\"https:\/\/mambofoods.com\/es\/\",\"name\":\"Mambo\",\"description\":\"Mambo Foods\",\"potentialAction\":[{\"@type\":\"SearchAction\",\"target\":\"https:\/\/mambofoods.com\/es\/?s={search_term_string}\",\"query-input\":\"required name=search_term_string\"}],\"inLanguage\":\"es\"},{\"@type\":\"WebPage\",\"@id\":\"https:\/\/mambofoods.com\/crunchy-tostones\/#webpage\",\"url\":\"https:\/\/mambofoods.com\/crunchy-tostones\/\",\"name\":\"Mambo Tostones | Mambo\",\"isPartOf\":{\"@id\":\"https:\/\/mambofoods.com\/es\/#website\"},\"datePublished\":\"2018-08-14T16:06:16+00:00\",\"dateModified\":\"2020-10-16T19:06:01+00:00\",\"inLanguage\":\"es\",\"potentialAction\":[{\"@type\":\"ReadAction\",\"target\":[\"https:\/\/mambofoods.com\/crunchy-tostones\/\"]}]}]}<\/script>\n<!-- \/ Yoast SEO plugin. -->","_links":{"self":[{"href":"https:\/\/mambofoods.com\/es\/wp-json\/wp\/v2\/pages\/5888"}],"collection":[{"href":"https:\/\/mambofoods.com\/es\/wp-json\/wp\/v2\/pages"}],"about":[{"href":"https:\/\/mambofoods.com\/es\/wp-json\/wp\/v2\/types\/page"}],"author":[{"embeddable":true,"href":"https:\/\/mambofoods.com\/es\/wp-json\/wp\/v2\/users\/7"}],"replies":[{"embeddable":true,"href":"https:\/\/mambofoods.com\/es\/wp-json\/wp\/v2\/comments?post=5888"}],"version-history":[{"count":55,"href":"https:\/\/mambofoods.com\/es\/wp-json\/wp\/v2\/pages\/5888\/revisions"}],"predecessor-version":[{"id":8640,"href":"https:\/\/mambofoods.com\/es\/wp-json\/wp\/v2\/pages\/5888\/revisions\/8640"}],"wp:attachment":[{"href":"https:\/\/mambofoods.com\/es\/wp-json\/wp\/v2\/media?parent=5888"}],"curies":[{"name":"wp","href":"https:\/\/api.w.org\/{rel}","templated":true}]}}