{"id":5889,"date":"2018-08-14T16:06:16","date_gmt":"2018-08-14T16:06:16","guid":{"rendered":"https:\/\/mambofoods.com\/?page_id=5889"},"modified":"2020-10-16T19:06:09","modified_gmt":"2020-10-16T19:06:09","slug":"our-rhythm","status":"publish","type":"page","link":"https:\/\/mambofoods.com\/es\/our-rhythm\/","title":{"rendered":"Nuestro Ritmo"},"content":{"rendered":"<p>[vc_row el_class=&#8221;BreadCrumb&#8221;][vc_column][vc_raw_html el_class=&#8221;BreadCrumb&#8221; css=&#8221;.vc_custom_1540839409792{margin-top: 0px !important;margin-right: 0px !important;margin-bottom: 0px !important;margin-left: 0px !important;border-top-width: 0px !important;border-right-width: 0px !important;border-bottom-width: 0px !important;border-left-width: 0px !important;padding-top: 0px !important;padding-right: 0px !important;padding-bottom: 0px !important;padding-left: 0px !important;}&#8221;]JTVCQkNFU1AlNUQ=[\/vc_raw_html][\/vc_column][\/vc_row][vc_row css=&#8221;.vc_custom_1537473607172{margin-bottom: 20px !important;}&#8221;][vc_column]\n<div id=\"rev_slider_16_1_wrapper\" class=\"rev_slider_wrapper fullwidthbanner-container\" data-source=\"gallery\" style=\"margin:0px auto;background:transparent;padding:0px;margin-top:0px;margin-bottom:0px;\">\n<!-- START REVOLUTION SLIDER 5.4.8 fullwidth mode -->\n\t<div id=\"rev_slider_16_1\" class=\"rev_slider fullwidthabanner\" style=\"display:none;\" data-version=\"5.4.8\">\n<ul>\t<!-- SLIDE  -->\n\t<li data-index=\"rs-34\" data-transition=\"fade\" data-slotamount=\"default\" data-hideafterloop=\"0\" data-hideslideonmobile=\"off\"  data-easein=\"default\" data-easeout=\"default\" data-masterspeed=\"300\"  data-rotate=\"0\"  data-saveperformance=\"off\"  data-title=\"Slide\" data-param1=\"\" data-param2=\"\" data-param3=\"\" data-param4=\"\" data-param5=\"\" data-param6=\"\" data-param7=\"\" data-param8=\"\" data-param9=\"\" data-param10=\"\" data-description=\"\">\n\t\t<!-- MAIN IMAGE -->\n\t\t<img src=\"https:\/\/mambofoods.com\/wp-content\/uploads\/2018\/09\/Mambo_Hero_QA-Slider.jpg\"  alt=\"\" title=\"Mambo_Hero_QA Slider\"  width=\"1920\" height=\"690\" data-bgposition=\"center center\" data-bgfit=\"cover\" data-bgrepeat=\"no-repeat\" class=\"rev-slidebg\" data-no-retina>\n\t\t<!-- LAYERS -->\n\n\t\t<!-- LAYER NR. 1 -->\n\t\t<div class=\"tp-caption   tp-resizeme tp-svg-layer\" \n\t\t\t id=\"slide-34-layer-1\" \n\t\t\t data-x=\"center\" data-hoffset=\"\" \n\t\t\t data-y=\"center\" data-voffset=\"373\" \n\t\t\t\t\t\tdata-width=\"['66']\"\n\t\t\tdata-height=\"['66']\"\n \n\t\t\tdata-type=\"svg\" \n\t\t\tdata-svg_src=\"https:\/\/mambofoods.com\/wp-content\/plugins\/revslider\/public\/assets\/assets\/svg\/hardware\/ic_keyboard_arrow_down_24px.svg\" \n\t\t\tdata-svg_idle=\"sc:transparent;sw:0;sda:0;sdo:0;\" \n\t\t\tdata-responsive_offset=\"on\" \n\n\t\t\tdata-frames='[{\"delay\":0,\"speed\":300,\"frame\":\"0\",\"from\":\"opacity:0;\",\"to\":\"o:1;\",\"ease\":\"Power3.easeInOut\"},{\"delay\":\"wait\",\"speed\":300,\"frame\":\"999\",\"to\":\"opacity:0;\",\"ease\":\"Power3.easeInOut\"}]'\n\t\t\tdata-textAlign=\"['inherit','inherit','inherit','inherit']\"\n\t\t\tdata-paddingtop=\"[0,0,0,0]\"\n\t\t\tdata-paddingright=\"[0,0,0,0]\"\n\t\t\tdata-paddingbottom=\"[0,0,0,0]\"\n\t\t\tdata-paddingleft=\"[0,0,0,0]\"\n\n\t\t\tstyle=\"z-index: 5; min-width: 66px; max-width: 66px; max-width: 66px; max-width: 66px; color: #ffffff;\">\n<div class=\"rs-looped rs-slideloop\"  data-easing=\"\" data-speed=\"1\" data-xs=\"0\" data-xe=\"0\" data-ys=\"0\" data-ye=\"7\"> <\/div><\/div>\n\t<\/li>\n<\/ul>\n<div class=\"tp-bannertimer tp-bottom\" style=\"visibility: hidden !important;\"><\/div>\t<\/div>\n<script>var htmlDiv = document.getElementById(\"rs-plugin-settings-inline-css\"); var htmlDivCss=\"\";\r\n\t\t\t\tif(htmlDiv) {\r\n\t\t\t\t\thtmlDiv.innerHTML = htmlDiv.innerHTML + htmlDivCss;\r\n\t\t\t\t}else{\r\n\t\t\t\t\tvar htmlDiv = document.createElement(\"div\");\r\n\t\t\t\t\thtmlDiv.innerHTML = \"<style>\" + htmlDivCss + \"<\/style>\";\r\n\t\t\t\t\tdocument.getElementsByTagName(\"head\")[0].appendChild(htmlDiv.childNodes[0]);\r\n\t\t\t\t}\r\n\t\t\t<\/script>\n\t\t<script type=\"text\/javascript\">\r\nif (setREVStartSize!==undefined) setREVStartSize(\r\n\t{c: '#rev_slider_16_1', gridwidth: [1920], gridheight: [690], sliderLayout: 'fullwidth'});\r\n\t\t\t\r\nvar revapi16,\r\n\ttpj;\t\r\n(function() {\t\t\t\r\n\tif (!\/loaded|interactive|complete\/.test(document.readyState)) document.addEventListener(\"DOMContentLoaded\",onLoad); else onLoad();\t\r\n\tfunction onLoad() {\t\t\t\t\r\n\t\tif (tpj===undefined) { tpj = jQuery; if(\"off\" == \"on\") tpj.noConflict();}\r\n\tif(tpj(\"#rev_slider_16_1\").revolution == undefined){\n\t\trevslider_showDoubleJqueryError(\"#rev_slider_16_1\");\n\t}else{\n\t\trevapi16 = tpj(\"#rev_slider_16_1\").show().revolution({\n\t\t\tsliderType:\"hero\",\n\t\t\tjsFileLocation:\"\/\/mambofoods.com\/wp-content\/plugins\/revslider\/public\/assets\/js\/\",\n\t\t\tsliderLayout:\"fullwidth\",\n\t\t\tdottedOverlay:\"none\",\n\t\t\tdelay:9000,\n\t\t\tvisibilityLevels:[1240,1024,778,480],\n\t\t\tgridwidth:1920,\n\t\t\tgridheight:690,\n\t\t\tlazyType:\"none\",\n\t\t\tshadow:0,\n\t\t\tspinner:\"spinner0\",\n\t\t\tautoHeight:\"off\",\n\t\t\tdisableProgressBar:\"on\",\n\t\t\thideThumbsOnMobile:\"off\",\n\t\t\thideSliderAtLimit:0,\n\t\t\thideCaptionAtLimit:0,\n\t\t\thideAllCaptionAtLilmit:0,\n\t\t\tdebugMode:false,\n\t\t\tfallbacks: {\n\t\t\t\tsimplifyAll:\"off\",\n\t\t\t\tdisableFocusListener:false,\n\t\t\t}\n\t\t});\n\t}; \/* END OF revapi call *\/\n\t\n }; \/* END OF ON LOAD FUNCTION *\/\r\n}()); \/* END OF WRAPPING FUNCTION *\/\r\n<\/script>\r\n\t\t<\/div><!-- END REVOLUTION SLIDER -->[\/vc_column][\/vc_row][vc_row el_class=&#8221;RowContentRhythm&#8221;][vc_column][vc_column_text el_class=&#8221;TitleRhythm&#8221;]<\/p>\n<p style=\"text-align: center;\">LLEG\u00d3 UNA NUEVA MELODIA<br \/>\nA TU TIENDA PREFERIDA<\/p>\n<p>[\/vc_column_text][vc_column_text el_class=&#8221;SubTitleRhythm&#8221;]<\/p>\n<p style=\"text-align: center;\">LOS PRODUCTOS <strong>QUIRCH<\/strong> AHORA SON <strong>MAMBO<\/strong>,<br \/>\nCON EL RESPALDO Y CALIDAD QUE YA CONOCES<\/p>\n<p>[\/vc_column_text][vc_column_text el_class=&#8221;TxtParrafo&#8221;]Ponle ritmo a tu paladar y busca ya en tu supermercado local nuestra amplia variedad de vegetales (100% naturales, con certificaci\u00f3n kosher y calidad grado A), adem\u00e1s de tus comidas tradicionales que incluyen: Empanadas al estilo jamaiquino, Croquetas, Teque\u00f1os y Arepas.<\/p>\n<p>\u00a1Estamos orgullosos de nuestra calidad! nuestras certificaciones y est\u00e1ndares son respaldados por nuestro departamento de calidad y la empresa Quirch Foods que, gracias a sus 50 a\u00f1os de experiencia, mantiene firme su compromiso de desarrollar y distribuir productos que cumplan con las expectativas de nuestros clientes.<\/p>\n<p>\u00a1Te invitamos a degustar el ritmo de Mambo![\/vc_column_text][vc_single_image image=&#8221;7147&#8243; img_size=&#8221;full&#8221; alignment=&#8221;center&#8221;][vc_column_text el_class=&#8221;TxtParrafo&#8221;]Para conocer m\u00e1s sobre nuestro departamento de calidad y procedimientos para inspecciones, por favor visita <a style=\"color: #1a5632; text-decoration: none;\" href=\"https:\/\/www.quirchfoods.com\/quality\" target=\"_blank\" rel=\"noopener noreferrer\">www.quirchfoods.com\/quality<\/a>[\/vc_column_text][\/vc_column][\/vc_row][vc_row full_width=&#8221;stretch_row_content_no_spaces&#8221;][vc_column][vc_single_image image=&#8221;8477&#8243; img_size=&#8221;200&#215;100&#8243; css=&#8221;.vc_custom_1577990096949{margin-top: 0px !important;margin-right: 0px !important;margin-bottom: 0px !important;margin-left: 30px !important;border-top-width: 0px !important;border-right-width: 0px !important;border-bottom-width: 0px !important;border-left-width: 0px !important;padding-top: 0px !important;padding-right: 0px !important;padding-bottom: 0px !important;padding-left: 0px !important;}&#8221;][\/vc_column][\/vc_row][vc_row full_width=&#8221;stretch_row_content_no_spaces&#8221; equal_height=&#8221;yes&#8221; css=&#8221;.vc_custom_1535235272787{margin-bottom: 0px !important;border-bottom-width: 0px !important;padding-bottom: 0px !important;}&#8221; el_class=&#8221;RowFooter&#8221;][vc_column width=&#8221;1\/4&#8243;][vc_raw_html]JTVCUXVpcmNoRm9vZHNMaW5rJTVE[\/vc_raw_html][\/vc_column][vc_column width=&#8221;1\/4&#8243; el_class=&#8221;ColumnTextFooter&#8221;][vc_raw_html]JTVCTmF2Rm9vdCU1RA==[\/vc_raw_html][\/vc_column][vc_column width=&#8221;1\/4&#8243; el_class=&#8221;ColumnSubscribeFooter&#8221;][vc_column_text css=&#8221;.vc_custom_1576258126464{margin-right: 0px !important;margin-bottom: 0px !important;margin-left: 0px !important;border-right-width: 0px !important;border-bottom-width: 0px !important;border-left-width: 0px !important;padding-right: 0px !important;padding-bottom: 0px !important;padding-left: 0px !important;}&#8221;]<strong style='font-family: AkkuratTT-Bold;'>MAMBO NEWS<\/strong><br><br>\n<p style='margin: 0 0 0px;'>\nIngresa tu direcci\u00f3n electr\u00f3nica para recibir<br>\nnoticias frescas e ideas muy sabrosas.\n<\/p>[\/vc_column_text][vc_raw_html css=&#8221;.vc_custom_1540260443818{margin-top: 0px !important;margin-right: 0px !important;margin-bottom: 0px !important;margin-left: 0px !important;border-top-width: 0px !important;border-right-width: 0px !important;border-bottom-width: 0px !important;border-left-width: 0px !important;padding-top: 0px !important;padding-right: 0px !important;padding-bottom: 0px !important;padding-left: 0px !important;}&#8221; el_class=&#8221;Email&#8221;]JTVCY29udGFjdC1mb3JtLTclMjBpZCUzRCUyMjczOTElMjIlMjB0aXRsZSUzRCUyMkNvbnRhY3QlMjBmb3JtJTIwMV9lc3AlMjIlNUQ=[\/vc_raw_html][\/vc_column][vc_column width=&#8221;1\/4&#8243; el_class=&#8221;ColumnInstagramFooter&#8221;][vc_raw_html css=&#8221;.vc_custom_1540260449322{margin-top: 0px !important;margin-right: 0px !important;margin-bottom: 0px !important;margin-left: 0px !important;border-top-width: 0px !important;border-right-width: 0px !important;border-bottom-width: 0px !important;border-left-width: 0px !important;padding-top: 0px !important;padding-right: 0px !important;padding-bottom: 0px !important;padding-left: 0px !important;}&#8221;]JTVCd2lkZ2V0JTIwaWQlM0QlMjJ3cHpvb21faW5zdGFncmFtX3dpZGdldC01JTIyJTVE[\/vc_raw_html][\/vc_column][\/vc_row]<\/p>\n","protected":false},"excerpt":{"rendered":"<p>[vc_row el_class=&#8221;BreadCrumb&#8221;][vc_column][vc_raw_html el_class=&#8221;BreadCrumb&#8221; css=&#8221;.vc_custom_1540839409792{margin-top: 0px !important;margin-right: 0px !important;margin-bottom: 0px !important;margin-left: 0px !important;border-top-width: 0px !important;border-right-width: 0px !important;border-bottom-width: 0px !important;border-left-width: 0px !important;padding-top: 0px !important;padding-right: 0px !important;padding-bottom: 0px !important;padding-left: 0px !important;}&#8221;]JTVCQkNFU1AlNUQ=[\/vc_raw_html][\/vc_column][\/vc_row][vc_row css=&#8221;.vc_custom_1537473607172{margin-bottom: 20px !important;}&#8221;][vc_column][\/vc_column][\/vc_row][vc_row el_class=&#8221;RowContentRhythm&#8221;][vc_column][vc_column_text el_class=&#8221;TitleRhythm&#8221;] LLEG\u00d3 UNA NUEVA MELODIA A TU TIENDA PREFERIDA [\/vc_column_text][vc_column_text el_class=&#8221;SubTitleRhythm&#8221;] LOS PRODUCTOS QUIRCH AHORA SON MAMBO, CON [&hellip;]<\/p>\n","protected":false},"author":7,"featured_media":0,"parent":0,"menu_order":0,"comment_status":"closed","ping_status":"closed","template":"","meta":{"wprm-recipe-roundup-name":[],"wprm-recipe-roundup-description":[]},"translation":{"provider":"WPGlobus","version":"2.5.14","language":"es","enabled_languages":["en","es"],"languages":{"en":{"title":true,"content":true,"excerpt":false},"es":{"title":true,"content":true,"excerpt":false}}},"yoast_head":"<!-- This site is optimized with the Yoast SEO plugin v15.1.1 - https:\/\/yoast.com\/wordpress\/plugins\/seo\/ -->\n<title>Nuestro Ritmo | Mambo<\/title>\n<meta name=\"robots\" content=\"index, follow, max-snippet:-1, max-image-preview:large, max-video-preview:-1\" \/>\n<link rel=\"canonical\" href=\"https:\/\/mambofoods.com\/our-rhythm\/\" \/>\n<meta property=\"og:locale\" content=\"es_ES\" \/>\n<meta property=\"og:type\" content=\"article\" \/>\n<meta property=\"og:title\" content=\"Nuestro Ritmo | Mambo\" \/>\n<meta property=\"og:url\" content=\"https:\/\/mambofoods.com\/our-rhythm\/\" \/>\n<meta property=\"og:site_name\" content=\"Mambo\" \/>\n<meta property=\"article:publisher\" content=\"https:\/\/www.facebook.com\/mambofoods\" \/>\n<meta property=\"article:modified_time\" content=\"2020-10-16T19:06:09+00:00\" \/>\n<meta name=\"twitter:card\" content=\"summary_large_image\" \/>\n<script type=\"application\/ld+json\" class=\"yoast-schema-graph\">{\"@context\":\"https:\/\/schema.org\",\"@graph\":[{\"@type\":\"WebSite\",\"@id\":\"https:\/\/mambofoods.com\/es\/#website\",\"url\":\"https:\/\/mambofoods.com\/es\/\",\"name\":\"Mambo\",\"description\":\"Mambo Foods\",\"potentialAction\":[{\"@type\":\"SearchAction\",\"target\":\"https:\/\/mambofoods.com\/es\/?s={search_term_string}\",\"query-input\":\"required name=search_term_string\"}],\"inLanguage\":\"es\"},{\"@type\":\"WebPage\",\"@id\":\"https:\/\/mambofoods.com\/our-rhythm\/#webpage\",\"url\":\"https:\/\/mambofoods.com\/our-rhythm\/\",\"name\":\"Nuestro Ritmo | Mambo\",\"isPartOf\":{\"@id\":\"https:\/\/mambofoods.com\/es\/#website\"},\"datePublished\":\"2018-08-14T16:06:16+00:00\",\"dateModified\":\"2020-10-16T19:06:09+00:00\",\"inLanguage\":\"es\",\"potentialAction\":[{\"@type\":\"ReadAction\",\"target\":[\"https:\/\/mambofoods.com\/our-rhythm\/\"]}]}]}<\/script>\n<!-- \/ Yoast SEO plugin. -->","_links":{"self":[{"href":"https:\/\/mambofoods.com\/es\/wp-json\/wp\/v2\/pages\/5889"}],"collection":[{"href":"https:\/\/mambofoods.com\/es\/wp-json\/wp\/v2\/pages"}],"about":[{"href":"https:\/\/mambofoods.com\/es\/wp-json\/wp\/v2\/types\/page"}],"author":[{"embeddable":true,"href":"https:\/\/mambofoods.com\/es\/wp-json\/wp\/v2\/users\/7"}],"replies":[{"embeddable":true,"href":"https:\/\/mambofoods.com\/es\/wp-json\/wp\/v2\/comments?post=5889"}],"version-history":[{"count":31,"href":"https:\/\/mambofoods.com\/es\/wp-json\/wp\/v2\/pages\/5889\/revisions"}],"predecessor-version":[{"id":8641,"href":"https:\/\/mambofoods.com\/es\/wp-json\/wp\/v2\/pages\/5889\/revisions\/8641"}],"wp:attachment":[{"href":"https:\/\/mambofoods.com\/es\/wp-json\/wp\/v2\/media?parent=5889"}],"curies":[{"name":"wp","href":"https:\/\/api.w.org\/{rel}","templated":true}]}}